{"id":1323,"date":"2022-02-13T16:14:34","date_gmt":"2022-02-13T16:14:34","guid":{"rendered":"https:\/\/ccargentina.org\/?page_id=1323"},"modified":"2025-01-17T12:06:02","modified_gmt":"2025-01-17T20:06:02","slug":"nosotros","status":"publish","type":"page","link":"https:\/\/ccargentina.org\/index.php\/nosotros\/","title":{"rendered":"Nosotros"},"content":{"rendered":"\t\t<div data-elementor-type=\"wp-page\" data-elementor-id=\"1323\" class=\"elementor elementor-1323\" data-elementor-post-type=\"page\">\n\t\t\t\t\t\t<section class=\"elementor-section elementor-top-section elementor-element elementor-element-ef9225b elementor-section-boxed elementor-section-height-default elementor-section-height-default\" data-id=\"ef9225b\" data-element_type=\"section\" data-e-type=\"section\">\n\t\t\t\t\t\t<div class=\"elementor-container elementor-column-gap-default\">\n\t\t\t\t\t<div class=\"elementor-column elementor-col-100 elementor-top-column elementor-element elementor-element-3c3140f\" data-id=\"3c3140f\" data-element_type=\"column\" data-e-type=\"column\">\n\t\t\t<div class=\"elementor-widget-wrap elementor-element-populated\">\n\t\t\t\t\t\t<div class=\"elementor-element elementor-element-570c7a1 elementor-widget elementor-widget-image\" data-id=\"570c7a1\" data-element_type=\"widget\" data-e-type=\"widget\" data-widget_type=\"image.default\">\n\t\t\t\t<div class=\"elementor-widget-container\">\n\t\t\t\t\t\t\t\t\t\t\t\t\t\t\t<img fetchpriority=\"high\" decoding=\"async\" width=\"900\" height=\"812\" src=\"https:\/\/ccargentina.org\/wp-content\/uploads\/2023\/11\/0000000000000-1.jpeg\" class=\"attachment-large size-large wp-image-2472\" alt=\"\" srcset=\"https:\/\/ccargentina.org\/wp-content\/uploads\/2023\/11\/0000000000000-1.jpeg 900w, https:\/\/ccargentina.org\/wp-content\/uploads\/2023\/11\/0000000000000-1-300x271.jpeg 300w, https:\/\/ccargentina.org\/wp-content\/uploads\/2023\/11\/0000000000000-1-768x693.jpeg 768w\" sizes=\"(max-width: 900px) 100vw, 900px\" \/>\t\t\t\t\t\t\t\t\t\t\t\t\t\t\t<\/div>\n\t\t\t\t<\/div>\n\t\t\t\t<div class=\"elementor-element elementor-element-0b20426 elementor-widget elementor-widget-image\" data-id=\"0b20426\" data-element_type=\"widget\" data-e-type=\"widget\" data-widget_type=\"image.default\">\n\t\t\t\t<div class=\"elementor-widget-container\">\n\t\t\t\t\t\t\t\t\t\t\t\t\t\t\t<img decoding=\"async\" width=\"1024\" height=\"1024\" src=\"https:\/\/ccargentina.org\/wp-content\/uploads\/2023\/11\/0000000-1024x1024.jpeg\" class=\"attachment-large size-large wp-image-2455\" alt=\"\" srcset=\"https:\/\/ccargentina.org\/wp-content\/uploads\/2023\/11\/0000000-1024x1024.jpeg 1024w, https:\/\/ccargentina.org\/wp-content\/uploads\/2023\/11\/0000000-300x300.jpeg 300w, https:\/\/ccargentina.org\/wp-content\/uploads\/2023\/11\/0000000-150x150.jpeg 150w, https:\/\/ccargentina.org\/wp-content\/uploads\/2023\/11\/0000000-768x768.jpeg 768w, https:\/\/ccargentina.org\/wp-content\/uploads\/2023\/11\/0000000.jpeg 1080w\" sizes=\"(max-width: 1024px) 100vw, 1024px\" \/>\t\t\t\t\t\t\t\t\t\t\t\t\t\t\t<\/div>\n\t\t\t\t<\/div>\n\t\t\t\t<div class=\"elementor-element elementor-element-4ca61ee elementor-widget elementor-widget-image\" data-id=\"4ca61ee\" data-element_type=\"widget\" data-e-type=\"widget\" data-widget_type=\"image.default\">\n\t\t\t\t<div class=\"elementor-widget-container\">\n\t\t\t\t\t\t\t\t\t\t\t\t\t\t\t<img decoding=\"async\" width=\"1024\" height=\"1024\" src=\"https:\/\/ccargentina.org\/wp-content\/uploads\/2023\/11\/00-1024x1024.jpeg\" class=\"attachment-large size-large wp-image-2456\" alt=\"\" srcset=\"https:\/\/ccargentina.org\/wp-content\/uploads\/2023\/11\/00-1024x1024.jpeg 1024w, https:\/\/ccargentina.org\/wp-content\/uploads\/2023\/11\/00-300x300.jpeg 300w, https:\/\/ccargentina.org\/wp-content\/uploads\/2023\/11\/00-150x150.jpeg 150w, https:\/\/ccargentina.org\/wp-content\/uploads\/2023\/11\/00-768x768.jpeg 768w, https:\/\/ccargentina.org\/wp-content\/uploads\/2023\/11\/00.jpeg 1080w\" sizes=\"(max-width: 1024px) 100vw, 1024px\" \/>\t\t\t\t\t\t\t\t\t\t\t\t\t\t\t<\/div>\n\t\t\t\t<\/div>\n\t\t\t\t<div class=\"elementor-element elementor-element-be70276 elementor-widget elementor-widget-image\" data-id=\"be70276\" data-element_type=\"widget\" data-e-type=\"widget\" data-widget_type=\"image.default\">\n\t\t\t\t<div class=\"elementor-widget-container\">\n\t\t\t\t\t\t\t\t\t\t\t\t\t\t\t<img loading=\"lazy\" decoding=\"async\" width=\"1024\" height=\"1024\" src=\"https:\/\/ccargentina.org\/wp-content\/uploads\/2023\/11\/0-1024x1024.jpeg\" class=\"attachment-large size-large wp-image-2457\" alt=\"\" srcset=\"https:\/\/ccargentina.org\/wp-content\/uploads\/2023\/11\/0-1024x1024.jpeg 1024w, https:\/\/ccargentina.org\/wp-content\/uploads\/2023\/11\/0-300x300.jpeg 300w, https:\/\/ccargentina.org\/wp-content\/uploads\/2023\/11\/0-150x150.jpeg 150w, https:\/\/ccargentina.org\/wp-content\/uploads\/2023\/11\/0-768x768.jpeg 768w, https:\/\/ccargentina.org\/wp-content\/uploads\/2023\/11\/0.jpeg 1080w\" sizes=\"(max-width: 1024px) 100vw, 1024px\" \/>\t\t\t\t\t\t\t\t\t\t\t\t\t\t\t<\/div>\n\t\t\t\t<\/div>\n\t\t\t\t\t<\/div>\n\t\t<\/div>\n\t\t\t\t\t<\/div>\n\t\t<\/section>\n\t\t\t\t<section class=\"elementor-section elementor-top-section elementor-element elementor-element-51fc1dd elementor-section-boxed elementor-section-height-default elementor-section-height-default\" data-id=\"51fc1dd\" data-element_type=\"section\" data-e-type=\"section\">\n\t\t\t\t\t\t<div class=\"elementor-container elementor-column-gap-default\">\n\t\t\t\t\t<div class=\"elementor-column elementor-col-100 elementor-top-column elementor-element elementor-element-d532627\" data-id=\"d532627\" data-element_type=\"column\" data-e-type=\"column\">\n\t\t\t<div class=\"elementor-widget-wrap elementor-element-populated\">\n\t\t\t\t\t\t<div class=\"elementor-element elementor-element-ebfb92d elementor-widget elementor-widget-heading\" data-id=\"ebfb92d\" data-element_type=\"widget\" data-e-type=\"widget\" data-widget_type=\"heading.default\">\n\t\t\t\t<div class=\"elementor-widget-container\">\n\t\t\t\t\t<h2 class=\"elementor-heading-title elementor-size-xxl\">S\u00famate <\/h2>\t\t\t\t<\/div>\n\t\t\t\t<\/div>\n\t\t\t\t<div class=\"elementor-element elementor-element-ac37d88 elementor-widget elementor-widget-text-editor\" data-id=\"ac37d88\" data-element_type=\"widget\" data-e-type=\"widget\" data-widget_type=\"text-editor.default\">\n\t\t\t\t<div class=\"elementor-widget-container\">\n\t\t\t\t\t\t\t\t\t<p><strong>Desde la Confraternidad Carcelaria Argentina estamos buscando personas comprometidas en difundir el amor con acciones concretas.<\/strong><\/p><p><strong>Existen muchas \u00e1reas de servicio en la que podes aportar tu tiempo y capacidades, vos pod\u00e9s ser esas manos que levanten a otros menos favorecidos.<\/strong><\/p><p><strong>SI QUER\u00c9S UNIRTE A LA FAMILIA de la CONFRATERNIDAD CARCELARIA ARGENTINA escribinos a\u00a0<img decoding=\"async\" class=\"emoji\" role=\"img\" draggable=\"false\" src=\"https:\/\/s.w.org\/images\/core\/emoji\/14.0.0\/svg\/2709.svg\" alt=\"\u2709\" \/>\u00a0ccargentina0@gmail.com o env\u00edanos un mensaje a nuestro\u00a0<img decoding=\"async\" class=\"emoji\" role=\"img\" draggable=\"false\" src=\"https:\/\/s.w.org\/images\/core\/emoji\/14.0.0\/svg\/1f4f1.svg\" alt=\"\ud83d\udcf1\" \/>\u00a0Whatsapp 221 557-9230<\/strong><\/p>\t\t\t\t\t\t\t\t<\/div>\n\t\t\t\t<\/div>\n\t\t\t\t<div class=\"elementor-element elementor-element-8e68c56 elementor-widget elementor-widget-image\" data-id=\"8e68c56\" data-element_type=\"widget\" data-e-type=\"widget\" data-widget_type=\"image.default\">\n\t\t\t\t<div class=\"elementor-widget-container\">\n\t\t\t\t\t\t\t\t\t\t\t\t\t\t\t<img loading=\"lazy\" decoding=\"async\" width=\"1024\" height=\"869\" src=\"https:\/\/ccargentina.org\/wp-content\/uploads\/2023\/11\/ulti-1-1024x869.jpeg\" class=\"attachment-large size-large wp-image-2121\" alt=\"\" srcset=\"https:\/\/ccargentina.org\/wp-content\/uploads\/2023\/11\/ulti-1-1024x869.jpeg 1024w, https:\/\/ccargentina.org\/wp-content\/uploads\/2023\/11\/ulti-1-300x255.jpeg 300w, https:\/\/ccargentina.org\/wp-content\/uploads\/2023\/11\/ulti-1-768x652.jpeg 768w, https:\/\/ccargentina.org\/wp-content\/uploads\/2023\/11\/ulti-1.jpeg 1080w\" sizes=\"(max-width: 1024px) 100vw, 1024px\" \/>\t\t\t\t\t\t\t\t\t\t\t\t\t\t\t<\/div>\n\t\t\t\t<\/div>\n\t\t\t\t\t<\/div>\n\t\t<\/div>\n\t\t\t\t\t<\/div>\n\t\t<\/section>\n\t\t\t\t<section class=\"elementor-section elementor-top-section elementor-element elementor-element-eada905 elementor-section-boxed elementor-section-height-default elementor-section-height-default\" data-id=\"eada905\" data-element_type=\"section\" data-e-type=\"section\">\n\t\t\t\t\t\t<div class=\"elementor-container elementor-column-gap-default\">\n\t\t\t\t\t<div class=\"elementor-column elementor-col-100 elementor-top-column elementor-element elementor-element-3eb3f67\" data-id=\"3eb3f67\" data-element_type=\"column\" data-e-type=\"column\">\n\t\t\t<div class=\"elementor-widget-wrap elementor-element-populated\">\n\t\t\t\t\t\t<div class=\"elementor-element elementor-element-d59bb33 elementor-widget elementor-widget-video\" data-id=\"d59bb33\" data-element_type=\"widget\" data-e-type=\"widget\" data-settings=\"{&quot;video_type&quot;:&quot;hosted&quot;,&quot;autoplay&quot;:&quot;yes&quot;,&quot;play_on_mobile&quot;:&quot;yes&quot;,&quot;controls&quot;:&quot;yes&quot;}\" data-widget_type=\"video.default\">\n\t\t\t\t<div class=\"elementor-widget-container\">\n\t\t\t\t\t\t\t<div class=\"e-hosted-video elementor-wrapper elementor-open-inline\">\n\t\t\t\t\t<video class=\"elementor-video\" src=\"https:\/\/ccargentina.org\/wp-content\/uploads\/2023\/02\/Quienes-somos-1.mp4\" autoplay=\"\" controls=\"\" playsinline=\"\" controlsList=\"nodownload\"><\/video>\n\t\t\t\t<\/div>\n\t\t\t\t\t\t<\/div>\n\t\t\t\t<\/div>\n\t\t\t\t\t<\/div>\n\t\t<\/div>\n\t\t\t\t\t<\/div>\n\t\t<\/section>\n\t\t\t\t<\/div>\n\t\t","protected":false},"excerpt":{"rendered":"<p>S\u00famate Desde la Confraternidad Carcelaria Argentina estamos buscando personas comprometidas en difundir el amor con acciones concretas. Existen muchas \u00e1reas de servicio en la que podes aportar tu tiempo y capacidades, vos pod\u00e9s ser esas manos que levanten a otros menos favorecidos. SI QUER\u00c9S UNIRTE A LA FAMILIA de la CONFRATERNIDAD CARCELARIA ARGENTINA escribinos a\u00a0\u00a0ccargentina0@gmail.com [&hellip;]<\/p>\n","protected":false},"author":1,"featured_media":0,"parent":0,"menu_order":0,"comment_status":"closed","ping_status":"closed","template":"elementor_theme","meta":{"site-sidebar-layout":"default","site-content-layout":"","ast-site-content-layout":"default","site-content-style":"default","site-sidebar-style":"default","ast-global-header-display":"","ast-banner-title-visibility":"","ast-main-header-display":"","ast-hfb-above-header-display":"","ast-hfb-below-header-display":"","ast-hfb-mobile-header-display":"","site-post-title":"","ast-breadcrumbs-content":"","ast-featured-img":"","footer-sml-layout":"","ast-disable-related-posts":"","theme-transparent-header-meta":"","adv-header-id-meta":"","stick-header-meta":"","header-above-stick-meta":"","header-main-stick-meta":"","header-below-stick-meta":"","astra-migrate-meta-layouts":"default","ast-page-background-enabled":"default","ast-page-background-meta":{"desktop":{"background-color":"var(--ast-global-color-4)","background-image":"","background-repeat":"repeat","background-position":"center center","background-size":"auto","background-attachment":"scroll","background-type":"","background-media":"","overlay-type":"","overlay-color":"","overlay-opacity":"","overlay-gradient":""},"tablet":{"background-color":"","background-image":"","background-repeat":"repeat","background-position":"center center","background-size":"auto","background-attachment":"scroll","background-type":"","background-media":"","overlay-type":"","overlay-color":"","overlay-opacity":"","overlay-gradient":""},"mobile":{"background-color":"","background-image":"","background-repeat":"repeat","background-position":"center center","background-size":"auto","background-attachment":"scroll","background-type":"","background-media":"","overlay-type":"","overlay-color":"","overlay-opacity":"","overlay-gradient":""}},"ast-content-background-meta":{"desktop":{"background-color":"var(--ast-global-color-5)","background-image":"","background-repeat":"repeat","background-position":"center center","background-size":"auto","background-attachment":"scroll","background-type":"","background-media":"","overlay-type":"","overlay-color":"","overlay-opacity":"","overlay-gradient":""},"tablet":{"background-color":"var(--ast-global-color-5)","background-image":"","background-repeat":"repeat","background-position":"center center","background-size":"auto","background-attachment":"scroll","background-type":"","background-media":"","overlay-type":"","overlay-color":"","overlay-opacity":"","overlay-gradient":""},"mobile":{"background-color":"var(--ast-global-color-5)","background-image":"","background-repeat":"repeat","background-position":"center center","background-size":"auto","background-attachment":"scroll","background-type":"","background-media":"","overlay-type":"","overlay-color":"","overlay-opacity":"","overlay-gradient":""}},"_kadence_starter_templates_imported_post":false,"footnotes":""},"class_list":["post-1323","page","type-page","status-publish","hentry"],"_links":{"self":[{"href":"https:\/\/ccargentina.org\/index.php\/wp-json\/wp\/v2\/pages\/1323","targetHints":{"allow":["GET"]}}],"collection":[{"href":"https:\/\/ccargentina.org\/index.php\/wp-json\/wp\/v2\/pages"}],"about":[{"href":"https:\/\/ccargentina.org\/index.php\/wp-json\/wp\/v2\/types\/page"}],"author":[{"embeddable":true,"href":"https:\/\/ccargentina.org\/index.php\/wp-json\/wp\/v2\/users\/1"}],"replies":[{"embeddable":true,"href":"https:\/\/ccargentina.org\/index.php\/wp-json\/wp\/v2\/comments?post=1323"}],"version-history":[{"count":68,"href":"https:\/\/ccargentina.org\/index.php\/wp-json\/wp\/v2\/pages\/1323\/revisions"}],"predecessor-version":[{"id":2553,"href":"https:\/\/ccargentina.org\/index.php\/wp-json\/wp\/v2\/pages\/1323\/revisions\/2553"}],"wp:attachment":[{"href":"https:\/\/ccargentina.org\/index.php\/wp-json\/wp\/v2\/media?parent=1323"}],"curies":[{"name":"wp","href":"https:\/\/api.w.org\/{rel}","templated":true}]}}