{"id":1223,"date":"2022-02-11T07:42:47","date_gmt":"2022-02-11T07:42:47","guid":{"rendered":"https:\/\/ccargentina.org\/?page_id=1223"},"modified":"2025-01-17T12:04:15","modified_gmt":"2025-01-17T20:04:15","slug":"inicio","status":"publish","type":"page","link":"https:\/\/ccargentina.org\/","title":{"rendered":"Inicio"},"content":{"rendered":"\t\t<div data-elementor-type=\"wp-page\" data-elementor-id=\"1223\" class=\"elementor elementor-1223\" data-elementor-post-type=\"page\">\n\t\t\t\t\t\t<section class=\"elementor-section elementor-top-section elementor-element elementor-element-fc01d51 elementor-section-full_width elementor-section-height-default elementor-section-height-default\" data-id=\"fc01d51\" data-element_type=\"section\" data-e-type=\"section\" data-settings=\"{&quot;background_background&quot;:&quot;classic&quot;}\">\n\t\t\t\t\t\t<div class=\"elementor-container elementor-column-gap-default\">\n\t\t\t\t\t<div class=\"elementor-column elementor-col-100 elementor-top-column elementor-element elementor-element-1609b99\" data-id=\"1609b99\" data-element_type=\"column\" data-e-type=\"column\">\n\t\t\t<div class=\"elementor-widget-wrap elementor-element-populated\">\n\t\t\t\t\t\t<div class=\"elementor-element elementor-element-8c85cca elementor-widget elementor-widget-heading\" data-id=\"8c85cca\" data-element_type=\"widget\" data-e-type=\"widget\" data-widget_type=\"heading.default\">\n\t\t\t\t<div class=\"elementor-widget-container\">\n\t\t\t\t\t<h2 class=\"elementor-heading-title elementor-size-large\">\u00bfQui\u00e9nes somos?<\/h2>\t\t\t\t<\/div>\n\t\t\t\t<\/div>\n\t\t\t\t<div class=\"elementor-element elementor-element-5eaeed4 elementor-button-info elementor-widget elementor-widget-button\" data-id=\"5eaeed4\" data-element_type=\"widget\" data-e-type=\"widget\" data-widget_type=\"button.default\">\n\t\t\t\t<div class=\"elementor-widget-container\">\n\t\t\t\t\t\t\t\t\t<div class=\"elementor-button-wrapper\">\n\t\t\t\t\t<a class=\"elementor-button elementor-button-link elementor-size-md\" href=\"https:\/\/link.mercadopago.com.ar\/donaracccargentina\">\n\t\t\t\t\t\t<span class=\"elementor-button-content-wrapper\">\n\t\t\t\t\t\t<span class=\"elementor-button-icon\">\n\t\t\t\t<svg xmlns=\"http:\/\/www.w3.org\/2000\/svg\" viewBox=\"0 0 48 48\" width=\"48px\" height=\"48px\"><ellipse cx=\"23.5\" cy=\"23.5\" fill=\"#4fc3f7\" rx=\"21.5\" ry=\"15.5\"><\/ellipse><path fill=\"#fafafa\" d=\"M22.471,24.946c-1.978-5.537-4.884-10.881-6.085-12.995c-0.352-0.619-0.787-1.186-1.29-1.69 l-2.553-2.553c-0.391-0.391-1.414,0-1.414,0L9.497,8.734l-0.162,2.319L8.773,11c-0.518,0-0.938,0.42-0.938,0.938 c0,0.52,0.413,0.969,0.933,0.961c1.908-0.03,3.567,1.601,3.567,1.601h2c0.32,0.32,1.139,1.366,1.328,2.439 c0.107,0.611,0.154,1.229,0.119,1.848C15.458,24.622,16.835,26,16.835,26c-5.5-3.5-14.819-2.964-14.819-2.964l0.193,3.016L5,31 c0.919,0.212,0.744-0.626,1.765-0.504c6.199,0.741,13.57,0.004,13.57,0.004c1.5,0,1.958-0.793,2.665-1.5 C24,28,22.849,26.004,22.471,24.946z\"><\/path><path fill=\"#fafafa\" d=\"M24.913,24.946c1.978-5.537,4.884-10.881,6.085-12.995c0.352-0.619,0.787-1.186,1.29-1.69 l2.553-2.553c0.391-0.391,1.414,0,1.414,0L37.814,9l0.235,2.053L38.611,11c0.518,0,0.938,0.42,0.938,0.938 c0,0.52-0.413,0.969-0.933,0.961c-1.908-0.03-3.567,1.601-3.567,1.601h-2c-0.32,0.32-1.139,1.366-1.328,2.439 c-0.107,0.611-0.154,1.229-0.119,1.848C31.926,24.622,30.549,26,30.549,26c5.5-3.5,15-3,15-3l-0.165,3l-3,5 c-0.919,0.212-0.744-0.626-1.765-0.504c-6.199,0.741-13.57,0.004-13.57,0.004c-1.5,0-1.958-0.793-2.665-1.5 C23.384,28,24.535,26.004,24.913,24.946z\"><\/path><path fill=\"#1a237e\" d=\"M43.832,16.326c-0.311-0.415-0.644-0.808-0.992-1.187c-0.059-0.064-0.123-0.123-0.183-0.186 c-0.309-0.326-0.628-0.639-0.96-0.938c-0.026-0.023-0.053-0.045-0.079-0.068c-0.587-0.522-1.201-1.012-1.845-1.454 c0.071-0.175,0.11-0.364,0.11-0.555c0-0.792-0.643-1.437-1.481-1.437c-0.001,0-0.003,0-0.004,0l-0.015,0.002V9.32 c0-0.534-0.288-1.032-0.75-1.299L36.269,7.24c-0.221-0.085-1.356-0.478-1.946,0.113l-1.837,1.838 c-0.381-0.106-0.89-0.25-1.211-0.326C28.893,8.288,26.446,8.014,24,8c-3.031-0.004-6.095,0.39-9.018,1.275l-1.921-1.921 c-0.59-0.59-1.725-0.199-2.018-0.079L9.75,8.021C9.288,8.288,9,8.786,9,9.32v1.186L8.938,10.5c-0.793,0-1.438,0.646-1.438,1.438 c0,0.311,0.103,0.614,0.283,0.865c-0.978,0.715-1.903,1.512-2.722,2.422c-0.315,0.35-0.616,0.715-0.9,1.096 C2.638,18.346,2.061,20.87,2,23.5c-0.035,2.628,0.455,5.223,1.932,7.343c1.478,2.132,3.451,3.854,5.624,5.163 c4.378,2.609,9.436,3.749,14.444,3.846c2.511-0.026,5.023-0.319,7.471-0.924c2.442-0.624,4.81-1.582,6.986-2.9 c2.163-1.328,4.143-3.041,5.617-5.18c1.476-2.122,1.932-4.719,1.894-7.347C45.905,20.87,45.357,18.348,43.832,16.326z M40.793,15.139c0.229,0.225,0.448,0.459,0.662,0.697c0.096,0.107,0.195,0.211,0.288,0.32c0.293,0.347,0.573,0.703,0.828,1.076 c1.088,1.579,1.785,3.39,1.957,5.242c-2.274-0.031-8.444,0.114-13.042,2.342c0.335-1.133,0.619-3.016,0.449-6.058 c-0.03-0.552,0.008-1.135,0.113-1.733c0.139-0.79,0.702-1.618,1.054-2.026h0.727c0.731,0,1.432-0.224,2.025-0.647 c0.624-0.444,1.559-0.981,2.588-0.954c0.072,0,0.139-0.03,0.21-0.04c0.267,0.192,0.536,0.383,0.792,0.587 c0.076,0.061,0.15,0.124,0.225,0.186c0.273,0.224,0.538,0.457,0.795,0.696C40.576,14.93,40.686,15.034,40.793,15.139z M24,9 c2.369,0.026,4.734,0.303,7.027,0.87c0.208,0.053,0.412,0.118,0.617,0.181c-0.482,0.503-0.906,1.054-1.246,1.652 c-1.175,2.068-4.124,7.483-6.121,13.075c-0.075,0.208-0.163,0.43-0.255,0.66c-0.112,0.281-0.226,0.572-0.331,0.868 c-0.104-0.296-0.219-0.588-0.331-0.868c-0.092-0.23-0.18-0.452-0.255-0.66c-2-5.599-4.947-11.009-6.121-13.075 c-0.297-0.523-0.667-1.004-1.074-1.456C18.522,9.461,21.264,9.054,24,9z M5.435,17.238c0.251-0.364,0.524-0.713,0.811-1.052 c0.094-0.112,0.196-0.218,0.294-0.327c0.202-0.225,0.408-0.448,0.625-0.662c0.115-0.114,0.233-0.224,0.351-0.335 c0.229-0.213,0.463-0.421,0.704-0.622c0.099-0.083,0.198-0.166,0.299-0.247c0.243-0.193,0.495-0.376,0.748-0.558 c0.886,0.089,1.707,0.522,2.262,0.918C12.123,14.776,12.823,15,13.555,15h0.727c0.352,0.407,0.915,1.235,1.054,2.026 c0.105,0.597,0.143,1.18,0.113,1.733c-0.17,3.042,0.114,4.927,0.449,6.059c-4.193-2.029-9.734-2.333-12.425-2.344 C3.648,20.623,4.346,18.814,5.435,17.238z M6.236,30.271c-0.192-0.224-0.396-0.437-0.572-0.673 C4.329,27.826,3.49,25.705,3.426,23.5c0-0.008,0.001-0.017,0.001-0.025c2.878,0.006,9.226,0.351,13.305,2.947 c0.211,0.134,0.484,0.088,0.646-0.104c0.162-0.19,0.153-0.477-0.014-0.662c-0.012-0.014-1.218-1.422-0.916-6.842 c0.035-0.63-0.007-1.29-0.126-1.962c-0.218-1.235-1.133-2.372-1.467-2.706C14.76,14.053,14.632,14,14.5,14h-0.945 c-0.522,0-1.021-0.159-1.445-0.462c-0.745-0.531-1.925-1.147-3.185-1.14c-0.131,0.004-0.226-0.063-0.281-0.117 C8.552,12.192,8.5,12.067,8.5,11.938c0-0.242,0.196-0.438,0.391-0.44l0.562,0.054c0.111,0.007,0.216-0.027,0.308-0.084l0.386,0.386 C10.242,11.949,10.37,12,10.5,12c0.053,0,0.106-0.009,0.158-0.025l1.207-0.402l1.281,1.281C13.244,12.951,13.372,13,13.5,13 s0.256-0.049,0.354-0.146c0.195-0.195,0.195-0.512,0-0.707L12.707,11l0.146-0.146C12.951,10.756,13,10.628,13,10.5 s-0.049-0.256-0.146-0.354l-1-1c-0.195-0.195-0.512-0.195-0.707,0C11.049,9.244,11,9.372,11,9.5s0.049,0.256,0.146,0.354 l0.646,0.646l-0.063,0.063l-1.095,0.365L10,10.293V9.32c0-0.178,0.096-0.344,0.25-0.434l1.22-0.712 c0.365-0.139,0.792-0.179,0.883-0.114l2.554,2.554c0.475,0.475,0.882,1.007,1.209,1.583c1.161,2.043,4.076,7.393,6.049,12.917 c0.078,0.219,0.171,0.452,0.267,0.694c0.347,0.871,0.741,1.858,0.58,2.583C22.808,29.309,21.728,30,20.49,30 c-0.07,0.002-7.123,0.139-13.425,0.011C6.798,30.002,6.509,30.114,6.236,30.271z M37.217,33.918 c-1.98,1.119-4.156,1.898-6.385,2.419c-2.228,0.539-4.528,0.798-6.832,0.812c-4.592,0.01-9.259-0.951-13.23-3.208 c-1.401-0.799-2.709-1.764-3.832-2.891c0.036-0.014,0.083-0.038,0.107-0.039C13.367,31.138,20.439,31.001,20.5,31 c1.396,0,2.616-0.673,3.192-1.67c0.575,0.997,1.794,1.67,3.182,1.67c0.071,0.002,7.146,0.139,13.462,0.011 c0.089,0.003,0.272,0.102,0.483,0.249C39.748,32.289,38.531,33.185,37.217,33.918z M42.329,29.593 c-0.247,0.329-0.526,0.635-0.803,0.941c-0.37-0.273-0.81-0.524-1.192-0.524c-0.005,0-0.011,0-0.017,0 c-6.3,0.125-13.354-0.01-13.434-0.011c-1.228,0-2.308-0.691-2.512-1.608c-0.161-0.725,0.232-1.712,0.58-2.583 c0.096-0.242,0.189-0.476,0.267-0.694c1.971-5.518,4.887-10.871,6.049-12.917c0.327-0.576,0.734-1.108,1.209-1.583l2.55-2.551 C35.122,8,35.548,8.037,35.841,8.14l1.293,0.747c0.154,0.09,0.25,0.256,0.25,0.434v0.973l-0.635,0.635l-1.095-0.365L35.591,10.5 l0.646-0.646c0.098-0.098,0.146-0.226,0.146-0.354s-0.049-0.256-0.146-0.354c-0.195-0.195-0.512-0.195-0.707,0l-1,1 c-0.098,0.098-0.146,0.226-0.146,0.354s0.049,0.256,0.146,0.354L34.677,11l-1.146,1.146c-0.195,0.195-0.195,0.512,0,0.707 C33.628,12.951,33.756,13,33.884,13s0.256-0.049,0.354-0.146l1.281-1.281l1.207,0.402C36.777,11.991,36.831,12,36.884,12 c0.13,0,0.258-0.051,0.354-0.146l0.386-0.386c0.092,0.057,0.197,0.092,0.308,0.084l0.515-0.052c0.242,0,0.438,0.196,0.438,0.438 c0,0.129-0.052,0.254-0.143,0.343c-0.056,0.055-0.157,0.109-0.282,0.117c-1.279,0.011-2.439,0.608-3.185,1.14 C34.851,13.841,34.352,14,33.83,14h-0.946c-0.133,0-0.26,0.053-0.354,0.146c-0.334,0.334-1.25,1.473-1.467,2.706 c-0.118,0.674-0.161,1.334-0.126,1.963c0.302,5.419-0.904,6.827-0.907,6.831c-0.18,0.181-0.196,0.468-0.037,0.666 c0.159,0.199,0.442,0.246,0.659,0.109c4.408-2.805,11.576-2.969,13.922-2.942c0,0.007,0.001,0.013,0.001,0.02 C44.507,25.705,43.666,27.824,42.329,29.593z\"><\/path><\/svg>\t\t\t<\/span>\n\t\t\t\t\t\t\t\t\t<span class=\"elementor-button-text\">Mercado Pago <\/span>\n\t\t\t\t\t<\/span>\n\t\t\t\t\t<\/a>\n\t\t\t\t<\/div>\n\t\t\t\t\t\t\t\t<\/div>\n\t\t\t\t<\/div>\n\t\t\t\t<div class=\"elementor-element elementor-element-0f1e183 elementor-widget__width-initial elementor-widget elementor-widget-text-editor\" data-id=\"0f1e183\" data-element_type=\"widget\" data-e-type=\"widget\" data-widget_type=\"text-editor.default\">\n\t\t\t\t<div class=\"elementor-widget-container\">\n\t\t\t\t\t\t\t\t\t<h6 style=\"text-align: left;\">Somos una Asociaci\u00f3n Civil sin fines de lucro, que trabaja d\u00eda a d\u00eda para transformar la vida\u00a0de las personas privadas de la libertad, sus familias y las v\u00edctimas del delito,\u00a0para romper con el c\u00edrculo de la violencia. Para ello, implementamos diversos programas\u00a0que se desarrollan tanto dentro como fuera del \u00e1mbito carcelario. Llevamos adelante\u00a0programas de asistencia para adicciones, entendiendo que es una de las problem\u00e1ticas m\u00e1s\u00a0presente en esta poblaci\u00f3n, la conciencia del da\u00f1o cometido y el perd\u00f3n, son herramientas\u00a0que generan cambios renovadores en las personas y en sus entornos, generando,\u00a0a largo plazo, una sociedad m\u00e1s justa y armoniosa.Confraternidad Carcelaria Argentina obtuvo su afiliaci\u00f3n a laConfraternidad Carcelaria Internacional (Prison Fellowship International) en Noviembre de 2019,durante el III Foro Regional Latinoamericano en Guatemala. All\u00ed se acept\u00f3a Jorge Moyano como el Presidente de la CCA.Confraternidad Carcelaria Internacional, es una ONG sin fines de lucro,con m\u00e1s de cuarenta a\u00f1os de trabajo. A trav\u00e9s de programas en las c\u00e1rceles de todo el mundo,trabajan restaurando las vidas de los presos, ayudando a sus familias e integr\u00e1ndoloscon \u00e9xito en la comunidad. Est\u00e1 integrada por 116 ministerios a nivel mundial,es asesor y consultor en materia de privados de la libertad ante el Consejo Econ\u00f3mico y Social de las Naciones Unidas.<\/h6>\t\t\t\t\t\t\t\t<\/div>\n\t\t\t\t<\/div>\n\t\t\t\t\t<\/div>\n\t\t<\/div>\n\t\t\t\t\t<\/div>\n\t\t<\/section>\n\t\t\t\t<section class=\"elementor-section elementor-top-section elementor-element elementor-element-8cd7505 elementor-section-full_width elementor-section-height-min-height elementor-section-height-default elementor-section-items-middle\" data-id=\"8cd7505\" data-element_type=\"section\" data-e-type=\"section\" data-settings=\"{&quot;background_background&quot;:&quot;classic&quot;}\">\n\t\t\t\t\t\t<div class=\"elementor-container elementor-column-gap-default\">\n\t\t\t\t\t<div class=\"elementor-column elementor-col-100 elementor-top-column elementor-element elementor-element-cf5fefa\" data-id=\"cf5fefa\" data-element_type=\"column\" data-e-type=\"column\">\n\t\t\t<div class=\"elementor-widget-wrap\">\n\t\t\t\t\t\t\t<\/div>\n\t\t<\/div>\n\t\t\t\t\t<\/div>\n\t\t<\/section>\n\t\t\t\t<section class=\"elementor-section elementor-top-section elementor-element elementor-element-3f8acc2 elementor-section-boxed elementor-section-height-default elementor-section-height-default\" data-id=\"3f8acc2\" data-element_type=\"section\" data-e-type=\"section\">\n\t\t\t\t\t\t<div class=\"elementor-container elementor-column-gap-default\">\n\t\t\t\t\t<div class=\"elementor-column elementor-col-100 elementor-top-column elementor-element elementor-element-3ba0f90\" data-id=\"3ba0f90\" data-element_type=\"column\" data-e-type=\"column\">\n\t\t\t<div class=\"elementor-widget-wrap elementor-element-populated\">\n\t\t\t\t\t\t<div class=\"elementor-element elementor-element-a32da69 elementor-widget elementor-widget-text-editor\" data-id=\"a32da69\" data-element_type=\"widget\" data-e-type=\"widget\" data-widget_type=\"text-editor.default\">\n\t\t\t\t<div class=\"elementor-widget-container\">\n\t\t\t\t\t\t\t\t\t<hr \/><p>\u00a0<\/p>\t\t\t\t\t\t\t\t<\/div>\n\t\t\t\t<\/div>\n\t\t\t\t\t<\/div>\n\t\t<\/div>\n\t\t\t\t\t<\/div>\n\t\t<\/section>\n\t\t\t\t<section class=\"elementor-section elementor-top-section elementor-element elementor-element-5595e01 elementor-section-boxed elementor-section-height-default elementor-section-height-default\" data-id=\"5595e01\" data-element_type=\"section\" data-e-type=\"section\" data-settings=\"{&quot;background_background&quot;:&quot;classic&quot;}\">\n\t\t\t\t\t\t<div class=\"elementor-container elementor-column-gap-default\">\n\t\t\t\t\t<div class=\"elementor-column elementor-col-100 elementor-top-column elementor-element elementor-element-34d9a11\" data-id=\"34d9a11\" data-element_type=\"column\" data-e-type=\"column\">\n\t\t\t<div class=\"elementor-widget-wrap elementor-element-populated\">\n\t\t\t\t\t\t<div class=\"elementor-element elementor-element-e87eb6c elementor-widget elementor-widget-image\" data-id=\"e87eb6c\" data-element_type=\"widget\" data-e-type=\"widget\" data-widget_type=\"image.default\">\n\t\t\t\t<div class=\"elementor-widget-container\">\n\t\t\t\t\t\t\t\t\t\t\t\t\t\t\t<img fetchpriority=\"high\" decoding=\"async\" width=\"1920\" height=\"1080\" src=\"https:\/\/ccargentina.org\/wp-content\/uploads\/2023\/02\/Quienes-somos.jpg\" class=\"attachment-full size-full wp-image-1707\" alt=\"\" srcset=\"https:\/\/ccargentina.org\/wp-content\/uploads\/2023\/02\/Quienes-somos.jpg 1920w, https:\/\/ccargentina.org\/wp-content\/uploads\/2023\/02\/Quienes-somos-300x169.jpg 300w, https:\/\/ccargentina.org\/wp-content\/uploads\/2023\/02\/Quienes-somos-1024x576.jpg 1024w, https:\/\/ccargentina.org\/wp-content\/uploads\/2023\/02\/Quienes-somos-768x432.jpg 768w, https:\/\/ccargentina.org\/wp-content\/uploads\/2023\/02\/Quienes-somos-1536x864.jpg 1536w\" sizes=\"(max-width: 1920px) 100vw, 1920px\" \/>\t\t\t\t\t\t\t\t\t\t\t\t\t\t\t<\/div>\n\t\t\t\t<\/div>\n\t\t\t\t<div class=\"elementor-element elementor-element-2d4bb92 elementor-widget elementor-widget-video\" data-id=\"2d4bb92\" data-element_type=\"widget\" data-e-type=\"widget\" data-settings=\"{&quot;video_type&quot;:&quot;videopress&quot;,&quot;controls&quot;:&quot;yes&quot;}\" data-widget_type=\"video.default\">\n\t\t\t\t<div class=\"elementor-widget-container\">\n\t\t\t\t\t<br \/>\n<b>Warning<\/b>:  Trying to access array offset on value of type null in <b>\/home\/u630940277\/domains\/ccargentina.org\/public_html\/wp-content\/plugins\/elementor\/includes\/embed.php<\/b> on line <b>186<\/b><br \/>\nhttps:\/\/ccargentina.org\/wp-content\/uploads\/2023\/02\/Quienes-somos-1.mp4\t\t\t\t<\/div>\n\t\t\t\t<\/div>\n\t\t\t\t<div class=\"elementor-element elementor-element-d03e4f3 elementor-widget elementor-widget-video\" data-id=\"d03e4f3\" data-element_type=\"widget\" data-e-type=\"widget\" data-settings=\"{&quot;video_type&quot;:&quot;hosted&quot;,&quot;controls&quot;:&quot;yes&quot;}\" data-widget_type=\"video.default\">\n\t\t\t\t<div class=\"elementor-widget-container\">\n\t\t\t\t\t\t\t<div class=\"e-hosted-video elementor-wrapper elementor-open-inline\">\n\t\t\t\t\t<video class=\"elementor-video\" src=\"https:\/\/ccargentina.org\/wp-content\/uploads\/2021\/02\/video.mp4\" controls=\"\" preload=\"metadata\" controlsList=\"nodownload\"><\/video>\n\t\t\t\t<\/div>\n\t\t\t\t\t\t<\/div>\n\t\t\t\t<\/div>\n\t\t\t\t\t<\/div>\n\t\t<\/div>\n\t\t\t\t\t<\/div>\n\t\t<\/section>\n\t\t\t\t<\/div>\n\t\t","protected":false},"excerpt":{"rendered":"<p>\u00bfQui\u00e9nes somos? Mercado Pago Somos una Asociaci\u00f3n Civil sin fines de lucro, que trabaja d\u00eda a d\u00eda para transformar la vida\u00a0de las personas privadas de la libertad, sus familias y las v\u00edctimas del delito,\u00a0para romper con el c\u00edrculo de la violencia. Para ello, implementamos diversos programas\u00a0que se desarrollan tanto dentro como fuera del \u00e1mbito carcelario. [&hellip;]<\/p>\n","protected":false},"author":1,"featured_media":0,"parent":0,"menu_order":0,"comment_status":"closed","ping_status":"closed","template":"elementor_theme","meta":{"site-sidebar-layout":"default","site-content-layout":"","ast-site-content-layout":"default","site-content-style":"default","site-sidebar-style":"default","ast-global-header-display":"","ast-banner-title-visibility":"","ast-main-header-display":"","ast-hfb-above-header-display":"","ast-hfb-below-header-display":"","ast-hfb-mobile-header-display":"","site-post-title":"","ast-breadcrumbs-content":"","ast-featured-img":"","footer-sml-layout":"","ast-disable-related-posts":"","theme-transparent-header-meta":"","adv-header-id-meta":"","stick-header-meta":"","header-above-stick-meta":"","header-main-stick-meta":"","header-below-stick-meta":"","astra-migrate-meta-layouts":"default","ast-page-background-enabled":"default","ast-page-background-meta":{"desktop":{"background-color":"var(--ast-global-color-4)","background-image":"","background-repeat":"repeat","background-position":"center center","background-size":"auto","background-attachment":"scroll","background-type":"","background-media":"","overlay-type":"","overlay-color":"","overlay-opacity":"","overlay-gradient":""},"tablet":{"background-color":"","background-image":"","background-repeat":"repeat","background-position":"center center","background-size":"auto","background-attachment":"scroll","background-type":"","background-media":"","overlay-type":"","overlay-color":"","overlay-opacity":"","overlay-gradient":""},"mobile":{"background-color":"","background-image":"","background-repeat":"repeat","background-position":"center center","background-size":"auto","background-attachment":"scroll","background-type":"","background-media":"","overlay-type":"","overlay-color":"","overlay-opacity":"","overlay-gradient":""}},"ast-content-background-meta":{"desktop":{"background-color":"var(--ast-global-color-5)","background-image":"","background-repeat":"repeat","background-position":"center center","background-size":"auto","background-attachment":"scroll","background-type":"","background-media":"","overlay-type":"","overlay-color":"","overlay-opacity":"","overlay-gradient":""},"tablet":{"background-color":"var(--ast-global-color-5)","background-image":"","background-repeat":"repeat","background-position":"center center","background-size":"auto","background-attachment":"scroll","background-type":"","background-media":"","overlay-type":"","overlay-color":"","overlay-opacity":"","overlay-gradient":""},"mobile":{"background-color":"var(--ast-global-color-5)","background-image":"","background-repeat":"repeat","background-position":"center center","background-size":"auto","background-attachment":"scroll","background-type":"","background-media":"","overlay-type":"","overlay-color":"","overlay-opacity":"","overlay-gradient":""}},"_kadence_starter_templates_imported_post":false,"footnotes":""},"class_list":["post-1223","page","type-page","status-publish","hentry"],"_links":{"self":[{"href":"https:\/\/ccargentina.org\/index.php\/wp-json\/wp\/v2\/pages\/1223","targetHints":{"allow":["GET"]}}],"collection":[{"href":"https:\/\/ccargentina.org\/index.php\/wp-json\/wp\/v2\/pages"}],"about":[{"href":"https:\/\/ccargentina.org\/index.php\/wp-json\/wp\/v2\/types\/page"}],"author":[{"embeddable":true,"href":"https:\/\/ccargentina.org\/index.php\/wp-json\/wp\/v2\/users\/1"}],"replies":[{"embeddable":true,"href":"https:\/\/ccargentina.org\/index.php\/wp-json\/wp\/v2\/comments?post=1223"}],"version-history":[{"count":368,"href":"https:\/\/ccargentina.org\/index.php\/wp-json\/wp\/v2\/pages\/1223\/revisions"}],"predecessor-version":[{"id":2709,"href":"https:\/\/ccargentina.org\/index.php\/wp-json\/wp\/v2\/pages\/1223\/revisions\/2709"}],"wp:attachment":[{"href":"https:\/\/ccargentina.org\/index.php\/wp-json\/wp\/v2\/media?parent=1223"}],"curies":[{"name":"wp","href":"https:\/\/api.w.org\/{rel}","templated":true}]}}